{"id":1389,"date":"2021-11-04T11:09:55","date_gmt":"2021-11-04T10:09:55","guid":{"rendered":"https:\/\/marinadibogliaco.com\/?page_id=1389"},"modified":"2024-01-29T11:42:29","modified_gmt":"2024-01-29T10:42:29","slug":"zusammenfassung-der-massnahmen-anti-covid-19","status":"publish","type":"page","link":"https:\/\/www.marinadibogliaco.com\/de\/zusammenfassung-der-massnahmen-anti-covid-19\/","title":{"rendered":"<h1>ZUSAMMENFASSUNG DER MASSNAHMEN ANTI-COVID 19<\/h1>"},"content":{"rendered":"<p>Im Folgenden berichten wir zusammenfassend \u00fcber die Anti-COVID-19-Ma\u00dfnahmen, die wir ergriffen haben, um Ihren Aufenthalt in der Marina di Bogliaco sicher zu machen.<\/p>\n<h2>Allgemeine Ma\u00dfnahmen<\/h2>\n<p>Die allgemeinen Ma\u00dfnahmen zur Vorbeugung und Eind\u00e4mmung der Ansteckung sind wesentliche, erforderliche Faktoren und Gr\u00fcndungsmitglieder des Corporate Covid19 Protocol und umfassen:<\/p>\n<ul>\n<li>Waschen Sie Ihre H\u00e4nde h\u00e4ufig mit Wasser und Seife und desinfizieren Sie sie mit den darauf gelegten Produkten Veranlagung, Ber\u00fchrung von Augen, Nase und Mund vermeiden;<\/li>\n<li>Tragen Sie in Innenr\u00e4umen st\u00e4ndig eine Gesichtsmaske (diese muss in getragen werden) um sowohl den Mund als auch die Nase zu bedecken), w\u00e4hrend in offenen R\u00e4umen die Verpflichtung begrenzt, ist Situationen, in denen sich eine Menschenmenge befindet;<\/li>\n<li>Husten oder Niesen, w\u00e4hrend Sie sich mit einem angewinkelten Arm oder einem Taschentuch bedecken;<\/li>\n<li>halten Sie immer einen zwischenmenschlichen Abstand von mindestens einem Meter ein;<\/li>\n<li>Vermeiden Sie enge Kontakte \/ H\u00e4ndesch\u00fctteln \/ Umarmungen mit anderen Menschen;<\/li>\n<li>innerhalb geschlossener R\u00e4ume (B\u00fcros, Gesch\u00e4fte und Produktionsabteilungen) ist es notwendig, die Eing\u00e4nge (nicht mehr als f\u00fcnf Personen gleichzeitig anwesend).<\/li>\n<li style=\"list-style-type: none;\"><\/li>\n<\/ul>\n<h2>Spezifische COVID-19-Pr\u00e4ventionsma\u00dfnahmen<\/h2>\n<ul>\n<li>Alle Mitarbeiter der Marina di Bogliaco tragen im Inneren st\u00e4ndig Masken geschlossene R\u00e4ume und \/ oder in Anwesenheit von Menschenmassen;<\/li>\n<li>Jeden Tag vor dem Eintritt werden alle Mitarbeiter einer Messung von unterzogen K\u00f6rpertemperatur;<\/li>\n<li>alle \u00f6ffentlich zug\u00e4nglichen Arbeitsabteilungen und R\u00e4umlichkeiten (einschlie\u00dflich Toiletten und Umkleidekabinen) kommen W\u00f6chentlich mit Produkten desinfiziert, die vom Lieferantenunternehmen zertifiziert wurden;<\/li>\n<li>alle \u00f6ffentlichen Bereiche werden einer zus\u00e4tzlichen periodischen Desinfektion durch ein spezialisiertes externes Unternehmen;<\/li>\n<li>Das Unternehmen hat einen speziellen internen Ausschuss eingerichtet, um die Covid-19-Verfahren zu kontrollieren.<\/li>\n<\/ul>\n","protected":false},"excerpt":{"rendered":"<p>Im Folgenden berichten wir zusammenfassend \u00fcber die Anti-COVID-19-Ma\u00dfnahmen, die wir ergriffen haben, um Ihren Aufenthalt in der Marina di Bogliaco sicher zu machen. Allgemeine Ma\u00dfnahmen Die allgemeinen Ma\u00dfnahmen zur Vorbeugung und Eind\u00e4mmung der Ansteckung sind wesentliche, erforderliche Faktoren und Gr\u00fcndungsmitglieder des Corporate Covid19 Protocol und umfassen: Waschen Sie Ihre H\u00e4nde h\u00e4ufig mit Wasser und Seife [&hellip;]<\/p>\n","protected":false},"author":1,"featured_media":0,"parent":0,"menu_order":33,"comment_status":"closed","ping_status":"closed","template":"","meta":{"_acf_changed":false,"inline_featured_image":false,"footnotes":""},"class_list":["post-1389","page","type-page","status-publish","hentry"],"acf":[],"yoast_head":"<!-- This site is optimized with the Yoast SEO plugin v27.2 - https:\/\/yoast.com\/product\/yoast-seo-wordpress\/ -->\n<title>ZUSAMMENFASSUNG DER MASSNAHMEN ANTI-COVID 19 - Marina di Bogliaco<\/title>\n<meta name=\"description\" content=\"ZUSAMMENFASSUNG DER MASSNAHMEN ANTI-COVID 19, Marina di Bogliaco: inserito nell\u2019ambiente naturale caratteristico del Lago di Garda, \u00e8 uno stupendo porto turistico tra i pi\u00f9 apprezzati.\" \/>\n<meta name=\"robots\" content=\"index, follow, max-snippet:-1, max-image-preview:large, max-video-preview:-1\" \/>\n<link rel=\"canonical\" href=\"https:\/\/www.marinadibogliaco.com\/de\/zusammenfassung-der-massnahmen-anti-covid-19\/\" \/>\n<meta property=\"og:locale\" content=\"de_DE\" \/>\n<meta property=\"og:type\" content=\"article\" \/>\n<meta property=\"og:title\" content=\"ZUSAMMENFASSUNG DER MASSNAHMEN ANTI-COVID 19 - Marina di Bogliaco\" \/>\n<meta property=\"og:description\" content=\"ZUSAMMENFASSUNG DER MASSNAHMEN ANTI-COVID 19, Marina di Bogliaco: inserito nell\u2019ambiente naturale caratteristico del Lago di Garda, \u00e8 uno stupendo porto turistico tra i pi\u00f9 apprezzati.\" \/>\n<meta property=\"og:url\" content=\"https:\/\/www.marinadibogliaco.com\/de\/zusammenfassung-der-massnahmen-anti-covid-19\/\" \/>\n<meta property=\"og:site_name\" content=\"Marina di Bogliaco\" \/>\n<meta property=\"article:modified_time\" content=\"2024-01-29T10:42:29+00:00\" \/>\n<meta name=\"twitter:card\" content=\"summary_large_image\" \/>\n<meta name=\"twitter:label1\" content=\"Gesch\u00e4tzte Lesezeit\" \/>\n\t<meta name=\"twitter:data1\" content=\"2 minutes\" \/>\n<script type=\"application\/ld+json\" class=\"yoast-schema-graph\">{\"@context\":\"https:\/\/schema.org\",\"@graph\":[{\"@type\":\"WebPage\",\"@id\":\"https:\/\/www.marinadibogliaco.com\/de\/zusammenfassung-der-massnahmen-anti-covid-19\/\",\"url\":\"https:\/\/www.marinadibogliaco.com\/de\/zusammenfassung-der-massnahmen-anti-covid-19\/\",\"name\":\"ZUSAMMENFASSUNG DER MASSNAHMEN ANTI-COVID 19 - Marina di Bogliaco\",\"isPartOf\":{\"@id\":\"https:\/\/www.marinadibogliaco.com\/#website\"},\"datePublished\":\"2021-11-04T10:09:55+00:00\",\"dateModified\":\"2024-01-29T10:42:29+00:00\",\"description\":\"ZUSAMMENFASSUNG DER MASSNAHMEN ANTI-COVID 19 , Marina di Bogliaco: inserito nell\u2019ambiente naturale caratteristico del Lago di Garda, \u00e8 uno stupendo porto turistico tra i pi\u00f9 apprezzati.\",\"breadcrumb\":{\"@id\":\"https:\/\/www.marinadibogliaco.com\/de\/zusammenfassung-der-massnahmen-anti-covid-19\/#breadcrumb\"},\"inLanguage\":\"de-DE\",\"potentialAction\":[{\"@type\":\"ReadAction\",\"target\":[\"https:\/\/www.marinadibogliaco.com\/de\/zusammenfassung-der-massnahmen-anti-covid-19\/\"]}]},{\"@type\":\"BreadcrumbList\",\"@id\":\"https:\/\/www.marinadibogliaco.com\/de\/zusammenfassung-der-massnahmen-anti-covid-19\/#breadcrumb\",\"itemListElement\":[{\"@type\":\"ListItem\",\"position\":1,\"name\":\"Home\",\"item\":\"https:\/\/www.marinadibogliaco.com\/de\/\"},{\"@type\":\"ListItem\",\"position\":2,\"name\":\"ZUSAMMENFASSUNG DER MASSNAHMEN ANTI-COVID 19\"}]},{\"@type\":\"WebSite\",\"@id\":\"https:\/\/www.marinadibogliaco.com\/#website\",\"url\":\"https:\/\/www.marinadibogliaco.com\/\",\"name\":\"Marina di Bogliaco\",\"description\":\"Un nuovo sito targato WordPress\",\"publisher\":{\"@id\":\"https:\/\/www.marinadibogliaco.com\/#organization\"},\"potentialAction\":[{\"@type\":\"SearchAction\",\"target\":{\"@type\":\"EntryPoint\",\"urlTemplate\":\"https:\/\/www.marinadibogliaco.com\/?s={search_term_string}\"},\"query-input\":{\"@type\":\"PropertyValueSpecification\",\"valueRequired\":true,\"valueName\":\"search_term_string\"}}],\"inLanguage\":\"de-DE\"},{\"@type\":\"Organization\",\"@id\":\"https:\/\/www.marinadibogliaco.com\/#organization\",\"name\":\"Marina di Bogliaco\",\"url\":\"https:\/\/www.marinadibogliaco.com\/\",\"logo\":{\"@type\":\"ImageObject\",\"inLanguage\":\"de-DE\",\"@id\":\"https:\/\/www.marinadibogliaco.com\/#\/schema\/logo\/image\/\",\"url\":\"https:\/\/www.marinadibogliaco.com\/wp-content\/uploads\/2021\/06\/MicrosoftTeams-image-5.png\",\"contentUrl\":\"https:\/\/www.marinadibogliaco.com\/wp-content\/uploads\/2021\/06\/MicrosoftTeams-image-5.png\",\"width\":64,\"height\":64,\"caption\":\"Marina di Bogliaco\"},\"image\":{\"@id\":\"https:\/\/www.marinadibogliaco.com\/#\/schema\/logo\/image\/\"}}]}<\/script>\n<!-- \/ Yoast SEO plugin. -->","yoast_head_json":{"title":"ZUSAMMENFASSUNG DER MASSNAHMEN ANTI-COVID 19 - Marina di Bogliaco","description":"ZUSAMMENFASSUNG DER MASSNAHMEN ANTI-COVID 19, Marina di Bogliaco: inserito nell\u2019ambiente naturale caratteristico del Lago di Garda, \u00e8 uno stupendo porto turistico tra i pi\u00f9 apprezzati.","robots":{"index":"index","follow":"follow","max-snippet":"max-snippet:-1","max-image-preview":"max-image-preview:large","max-video-preview":"max-video-preview:-1"},"canonical":"https:\/\/www.marinadibogliaco.com\/de\/zusammenfassung-der-massnahmen-anti-covid-19\/","og_locale":"de_DE","og_type":"article","og_title":"ZUSAMMENFASSUNG DER MASSNAHMEN ANTI-COVID 19 - Marina di Bogliaco","og_description":"ZUSAMMENFASSUNG DER MASSNAHMEN ANTI-COVID 19, Marina di Bogliaco: inserito nell\u2019ambiente naturale caratteristico del Lago di Garda, \u00e8 uno stupendo porto turistico tra i pi\u00f9 apprezzati.","og_url":"https:\/\/www.marinadibogliaco.com\/de\/zusammenfassung-der-massnahmen-anti-covid-19\/","og_site_name":"Marina di Bogliaco","article_modified_time":"2024-01-29T10:42:29+00:00","twitter_card":"summary_large_image","twitter_misc":{"Gesch\u00e4tzte Lesezeit":"2 minutes"},"schema":{"@context":"https:\/\/schema.org","@graph":[{"@type":"WebPage","@id":"https:\/\/www.marinadibogliaco.com\/de\/zusammenfassung-der-massnahmen-anti-covid-19\/","url":"https:\/\/www.marinadibogliaco.com\/de\/zusammenfassung-der-massnahmen-anti-covid-19\/","name":"ZUSAMMENFASSUNG DER MASSNAHMEN ANTI-COVID 19 - Marina di Bogliaco","isPartOf":{"@id":"https:\/\/www.marinadibogliaco.com\/#website"},"datePublished":"2021-11-04T10:09:55+00:00","dateModified":"2024-01-29T10:42:29+00:00","description":"ZUSAMMENFASSUNG DER MASSNAHMEN ANTI-COVID 19 , Marina di Bogliaco: inserito nell\u2019ambiente naturale caratteristico del Lago di Garda, \u00e8 uno stupendo porto turistico tra i pi\u00f9 apprezzati.","breadcrumb":{"@id":"https:\/\/www.marinadibogliaco.com\/de\/zusammenfassung-der-massnahmen-anti-covid-19\/#breadcrumb"},"inLanguage":"de-DE","potentialAction":[{"@type":"ReadAction","target":["https:\/\/www.marinadibogliaco.com\/de\/zusammenfassung-der-massnahmen-anti-covid-19\/"]}]},{"@type":"BreadcrumbList","@id":"https:\/\/www.marinadibogliaco.com\/de\/zusammenfassung-der-massnahmen-anti-covid-19\/#breadcrumb","itemListElement":[{"@type":"ListItem","position":1,"name":"Home","item":"https:\/\/www.marinadibogliaco.com\/de\/"},{"@type":"ListItem","position":2,"name":"ZUSAMMENFASSUNG DER MASSNAHMEN ANTI-COVID 19"}]},{"@type":"WebSite","@id":"https:\/\/www.marinadibogliaco.com\/#website","url":"https:\/\/www.marinadibogliaco.com\/","name":"Marina di Bogliaco","description":"Un nuovo sito targato WordPress","publisher":{"@id":"https:\/\/www.marinadibogliaco.com\/#organization"},"potentialAction":[{"@type":"SearchAction","target":{"@type":"EntryPoint","urlTemplate":"https:\/\/www.marinadibogliaco.com\/?s={search_term_string}"},"query-input":{"@type":"PropertyValueSpecification","valueRequired":true,"valueName":"search_term_string"}}],"inLanguage":"de-DE"},{"@type":"Organization","@id":"https:\/\/www.marinadibogliaco.com\/#organization","name":"Marina di Bogliaco","url":"https:\/\/www.marinadibogliaco.com\/","logo":{"@type":"ImageObject","inLanguage":"de-DE","@id":"https:\/\/www.marinadibogliaco.com\/#\/schema\/logo\/image\/","url":"https:\/\/www.marinadibogliaco.com\/wp-content\/uploads\/2021\/06\/MicrosoftTeams-image-5.png","contentUrl":"https:\/\/www.marinadibogliaco.com\/wp-content\/uploads\/2021\/06\/MicrosoftTeams-image-5.png","width":64,"height":64,"caption":"Marina di Bogliaco"},"image":{"@id":"https:\/\/www.marinadibogliaco.com\/#\/schema\/logo\/image\/"}}]}},"_links":{"self":[{"href":"https:\/\/www.marinadibogliaco.com\/de\/wp-json\/wp\/v2\/pages\/1389","targetHints":{"allow":["GET"]}}],"collection":[{"href":"https:\/\/www.marinadibogliaco.com\/de\/wp-json\/wp\/v2\/pages"}],"about":[{"href":"https:\/\/www.marinadibogliaco.com\/de\/wp-json\/wp\/v2\/types\/page"}],"author":[{"embeddable":true,"href":"https:\/\/www.marinadibogliaco.com\/de\/wp-json\/wp\/v2\/users\/1"}],"replies":[{"embeddable":true,"href":"https:\/\/www.marinadibogliaco.com\/de\/wp-json\/wp\/v2\/comments?post=1389"}],"version-history":[{"count":0,"href":"https:\/\/www.marinadibogliaco.com\/de\/wp-json\/wp\/v2\/pages\/1389\/revisions"}],"wp:attachment":[{"href":"https:\/\/www.marinadibogliaco.com\/de\/wp-json\/wp\/v2\/media?parent=1389"}],"curies":[{"name":"wp","href":"https:\/\/api.w.org\/{rel}","templated":true}]}}